{"id":97,"date":"2024-02-07T18:57:12","date_gmt":"2024-02-07T15:57:12","guid":{"rendered":"https:\/\/ezdesirkemali.de\/?page_id=97"},"modified":"2025-09-08T11:43:02","modified_gmt":"2025-09-08T08:43:02","slug":"lehrer-therapeut","status":"publish","type":"page","link":"https:\/\/ezdesirkemali.de\/index.php\/lehrer-therapeut\/","title":{"rendered":"LEHRER \/ THERAPEUT"},"content":{"rendered":"\n<p class=\"has-text-align-center\">IKOMT Konzept<\/p>\n\n\n\n<p class=\"has-text-align-center\">Institut f\u00fcr Klinisch Orientierte Mehrdimensionale Therapie.<\/p>\n\n\n<figure class=\"wp-block-post-featured-image\"><img fetchpriority=\"high\" decoding=\"async\" width=\"480\" height=\"468\" src=\"https:\/\/ezdesirkemali.de\/wp-content\/uploads\/2024\/02\/facetoface.jpg\" class=\"attachment-post-thumbnail size-post-thumbnail wp-post-image\" alt=\"\" style=\"object-fit:cover;\" \/><\/figure>\n\n\n<p><em><u>Aktuell arbeitet Herr Kemali <strong>nicht <\/strong>mehr so aktiv als Physiotherapeut. Er betreut Therapeuten als Supervisor und h\u00e4lt Vortr\u00e4ge.<\/u><\/em><\/p>\n\n\n\n<p><em><u>Sein Lehrinstitut lehrt aktuell nur in der T\u00fcrkei <strong>www.ikomt.com.tr<\/strong> , welches er in der Weiterentwicklung und im Qualit\u00e4tsmanagement als Direktor unterst\u00fctzt.<\/u><\/em><\/p>\n\n\n\n<p>Das IKOMT Konzept wurde von Ezdesir Kemali entwickelt und basiert auf \u00fcber 25 Jahren Berufserfahrung mit stetiger Forschung und Lehre in Neurowissenschaften und vielen anderen Disziplinen. Das Konzept unterrichtet er seit 2008 international.<\/p>\n\n\n\n<p>Im IKOMT Konzept wird der Patient als Mensch im Zentrum seiner auf ihn wirkenden und erlebten k\u00f6rperlichen , mentalen, emotionalen und sozialen Belastungen wahrgenommen.<\/p>\n\n\n\n<p>Grunds\u00e4tzlich kann hier gesagt werden , der Mensch wird als Ganzes gesehen im Mittelpunkt Biologisch, Psychologisch und Sozial bedingten Belastungsfaktoren.<\/p>\n\n\n\n<p>Schmerz und Leid dienen hierbei als Leitsymptome , um die Einschr\u00e4nkung der Lebensqualit\u00e4t zu bestimmen und aufzul\u00f6sen.<\/p>\n\n\n\n<p>Grunds\u00e4tzlich lassen sich drei unterschiedliche Arten von Schmerzen unterscheiden:<\/p>\n\n\n\n<p>Somatogen (vom K\u00f6rper kommend) bedingte Schmerzen, sogenannte Hardware-Probleme<\/p>\n\n\n\n<p>Neurogene Schmerzen (Nerven oder Nervlich bedingt), sogenannte Software-Probleme (teilweise auch Hardware)&nbsp;<\/p>\n\n\n\n<p>Psychogene Schmerzen, sogenannte Anwender-Probleme&nbsp;<\/p>\n\n\n\n<p><strong>Aber:<\/strong><\/p>\n\n\n\n<p>Schmerzen sind nicht immer k\u00f6rperlich bedingt, und wenn Sie nicht k\u00f6rperlich bedingt sind, sind sie nicht automatisch psychisch bedingt.<\/p>\n\n\n\n<p>Es kann sich auch um eine Kombination aus den drei genannten Schmerzarten.<\/p>\n\n\n\n<p>Zu Beginn der Behandlung werden \u2013 auch unter Ber\u00fccksichtigung von Vordiagnosen \u2013 die Ursachen der Schmerzen ermittelt:<\/p>\n\n\n\n<ul class=\"wp-block-list\">\n<li>Heilungshemmenden Faktoren<\/li>\n\n\n\n<li>Psychosozialen Belastungsfaktoren<\/li>\n\n\n\n<li>Negative Glaubenss\u00e4tze<\/li>\n\n\n\n<li>Belastende Verhaltensweisen<\/li>\n\n\n\n<li>Belastende Bewegungsmuster<\/li>\n<\/ul>\n\n\n\n<p>und nat\u00fcrlich alle Faktoren, die den Schmerz lindern k\u00f6nnen.<\/p>\n\n\n\n<p>Akute Probleme lassen sich meist in k\u00fcrzeren Zeitr\u00e4umen behandeln.<\/p>\n\n\n\n<p>Zu den akuten Schmerzen geh\u00f6ren:<\/p>\n\n\n\n<ul class=\"wp-block-list\">\n<li>Entz\u00fcndungen<\/li>\n\n\n\n<li>Bandscheiben bedingte Schmerzen<\/li>\n\n\n\n<li>Nervenbedingte Schmerzen&nbsp;<\/li>\n\n\n\n<li>\u00dcberlastungssyndrome&nbsp;<\/li>\n\n\n\n<li>Falsch-oder Minderbelastungssyndrome&nbsp;<\/li>\n<\/ul>\n\n\n\n<p>Um chronischen Schmerz zu lindern oder zu beseitigen, ist eine intensivere Ursachenforschung des Problems notwendig. Unspezifische<\/p>\n\n\n\n<p><\/p>\n\n\n\n<p><\/p>\n\n\n\n<p><\/p>\n\n\n\n<p><\/p>\n\n\n\n<div class=\"wp-block-columns is-layout-flex wp-container-core-columns-is-layout-28f84493 wp-block-columns-is-layout-flex\">\n<div class=\"wp-block-column is-layout-flow wp-block-column-is-layout-flow\"><\/div>\n<\/div>\n","protected":false},"excerpt":{"rendered":"<p>IKOMT Konzept Institut f\u00fcr Klinisch Orientierte Mehrdimensionale Therapie. Aktuell arbeitet Herr Kemali nicht mehr so aktiv als Physiotherapeut. Er betreut Therapeuten als Supervisor und h\u00e4lt Vortr\u00e4ge. Sein Lehrinstitut lehrt aktuell nur in der T\u00fcrkei www.ikomt.com.tr , welches er in der Weiterentwicklung und im Qualit\u00e4tsmanagement als Direktor unterst\u00fctzt. Das IKOMT Konzept wurde von Ezdesir Kemali entwickelt [&hellip;]<\/p>\n","protected":false},"author":1,"featured_media":98,"parent":0,"menu_order":0,"comment_status":"closed","ping_status":"closed","template":"","meta":{"footnotes":""},"class_list":["post-97","page","type-page","status-publish","has-post-thumbnail","hentry"],"_links":{"self":[{"href":"https:\/\/ezdesirkemali.de\/index.php\/wp-json\/wp\/v2\/pages\/97","targetHints":{"allow":["GET"]}}],"collection":[{"href":"https:\/\/ezdesirkemali.de\/index.php\/wp-json\/wp\/v2\/pages"}],"about":[{"href":"https:\/\/ezdesirkemali.de\/index.php\/wp-json\/wp\/v2\/types\/page"}],"author":[{"embeddable":true,"href":"https:\/\/ezdesirkemali.de\/index.php\/wp-json\/wp\/v2\/users\/1"}],"replies":[{"embeddable":true,"href":"https:\/\/ezdesirkemali.de\/index.php\/wp-json\/wp\/v2\/comments?post=97"}],"version-history":[{"count":3,"href":"https:\/\/ezdesirkemali.de\/index.php\/wp-json\/wp\/v2\/pages\/97\/revisions"}],"predecessor-version":[{"id":148,"href":"https:\/\/ezdesirkemali.de\/index.php\/wp-json\/wp\/v2\/pages\/97\/revisions\/148"}],"wp:featuredmedia":[{"embeddable":true,"href":"https:\/\/ezdesirkemali.de\/index.php\/wp-json\/wp\/v2\/media\/98"}],"wp:attachment":[{"href":"https:\/\/ezdesirkemali.de\/index.php\/wp-json\/wp\/v2\/media?parent=97"}],"curies":[{"name":"wp","href":"https:\/\/api.w.org\/{rel}","templated":true}]}}