{"id":88,"date":"2024-02-07T18:51:19","date_gmt":"2024-02-07T15:51:19","guid":{"rendered":"https:\/\/ezdesirkemali.de\/?page_id=88"},"modified":"2025-09-08T11:41:10","modified_gmt":"2025-09-08T08:41:10","slug":"autor","status":"publish","type":"page","link":"https:\/\/ezdesirkemali.de\/index.php\/autor\/","title":{"rendered":"AUTOR"},"content":{"rendered":"\n<p class=\"has-text-align-center\">Ezdesir Kemali &#8220;Schmerz mit Herz&#8221;<\/p>\n\n\n\n<p class=\"has-text-align-center\">Die Kunst der Therapie besteht nicht darin, sich auf eine einzelne Diagnose zu konzentrieren, sondern das System hinter dem Schmerz zu erkennen<\/p>\n\n\n\n<div style=\"height:100px\" aria-hidden=\"true\" class=\"wp-block-spacer\"><\/div>\n\n\n\n<div class=\"wp-block-media-text alignfull has-media-on-the-right is-stacked-on-mobile is-vertically-aligned-center is-style-default\" style=\"padding-top:var(--wp--preset--spacing--20);padding-right:var(--wp--preset--spacing--40);padding-bottom:var(--wp--preset--spacing--20);padding-left:var(--wp--preset--spacing--40);grid-template-columns:auto 27%\"><div class=\"wp-block-media-text__content\">\n<p>Aus seiner Praxis mit \u00fcber 10.000 Schmerzpatienten berichtet er anschaulich von Erfahrungen, die die Schulmedizin erg\u00e4nzen, und wie Patienten selbst zur Genesung beitragen k\u00f6nnen. &#8220;Schmerz mit Herz&#8221; hilft, Schmerzen besser zu verstehen und Wege zur Schmerzbefreiung zu suchen.<\/p>\n<\/div><figure class=\"wp-block-media-text__media\"><img fetchpriority=\"high\" decoding=\"async\" width=\"750\" height=\"653\" src=\"https:\/\/ezdesirkemali.de\/wp-content\/uploads\/2024\/02\/yazar.jpg\" alt=\"\" class=\"wp-image-89 size-full\"\/><\/figure><\/div>\n\n\n\n<div style=\"height:100px\" aria-hidden=\"true\" class=\"wp-block-spacer\"><\/div>\n\n\n\n<div class=\"wp-block-columns is-layout-flex wp-container-core-columns-is-layout-28f84493 wp-block-columns-is-layout-flex\">\n<div class=\"wp-block-column is-layout-flow wp-block-column-is-layout-flow\">\n<figure class=\"wp-block-image aligncenter size-full\"><a href=\"https:\/\/www.amazon.de\/Schmerz-mit-Herz-Lebensqualit\u00e4t-zur\u00fcckgewinnen-\"><img decoding=\"async\" width=\"284\" height=\"394\" src=\"https:\/\/ezdesirkemali.de\/wp-content\/uploads\/2024\/02\/kitap-de.png\" alt=\"\" class=\"wp-image-90\"\/><\/a><\/figure>\n<\/div>\n<\/div>\n\n\n\n<div class=\"wp-block-columns is-layout-flex wp-container-core-columns-is-layout-28f84493 wp-block-columns-is-layout-flex\">\n<div class=\"wp-block-column is-layout-flow wp-block-column-is-layout-flow\">\n<div class=\"wp-block-buttons is-content-justification-center is-layout-flex wp-container-core-buttons-is-layout-a89b3969 wp-block-buttons-is-layout-flex\">\n<div class=\"wp-block-button\"><a class=\"wp-block-button__link wp-element-button\" href=\"https:\/\/www.amazon.de\/Schmerz-mit-Herz-Lebensqualit\u00e4t-zur\u00fcckgewinnen-ebook\/dp\/B07XKNQ9RK\/ref=sr_1_1?__mk_de_DE=\u00c5M\u00c5\u017d\u00d5\u00d1&amp;crid=2KINILAK3KQHI&amp;keywords=ezdesir+kemali&amp;qid=1697364991&amp;s=digital-text&amp;sprefix=ezdesir+kemali%2Cdigital-text%2C81&amp;sr=1-1\">Kaufe Jetzt<\/a><\/div>\n<\/div>\n<\/div>\n<\/div>\n","protected":false},"excerpt":{"rendered":"<p>Ezdesir Kemali &#8220;Schmerz mit Herz&#8221; Die Kunst der Therapie besteht nicht darin, sich auf eine einzelne Diagnose zu konzentrieren, sondern das System hinter dem Schmerz zu erkennen Aus seiner Praxis mit \u00fcber 10.000 Schmerzpatienten berichtet er anschaulich von Erfahrungen, die die Schulmedizin erg\u00e4nzen, und wie Patienten selbst zur Genesung beitragen k\u00f6nnen. &#8220;Schmerz mit Herz&#8221; hilft, [&hellip;]<\/p>\n","protected":false},"author":1,"featured_media":0,"parent":0,"menu_order":0,"comment_status":"closed","ping_status":"closed","template":"","meta":{"footnotes":""},"class_list":["post-88","page","type-page","status-publish","hentry"],"_links":{"self":[{"href":"https:\/\/ezdesirkemali.de\/index.php\/wp-json\/wp\/v2\/pages\/88","targetHints":{"allow":["GET"]}}],"collection":[{"href":"https:\/\/ezdesirkemali.de\/index.php\/wp-json\/wp\/v2\/pages"}],"about":[{"href":"https:\/\/ezdesirkemali.de\/index.php\/wp-json\/wp\/v2\/types\/page"}],"author":[{"embeddable":true,"href":"https:\/\/ezdesirkemali.de\/index.php\/wp-json\/wp\/v2\/users\/1"}],"replies":[{"embeddable":true,"href":"https:\/\/ezdesirkemali.de\/index.php\/wp-json\/wp\/v2\/comments?post=88"}],"version-history":[{"count":7,"href":"https:\/\/ezdesirkemali.de\/index.php\/wp-json\/wp\/v2\/pages\/88\/revisions"}],"predecessor-version":[{"id":150,"href":"https:\/\/ezdesirkemali.de\/index.php\/wp-json\/wp\/v2\/pages\/88\/revisions\/150"}],"wp:attachment":[{"href":"https:\/\/ezdesirkemali.de\/index.php\/wp-json\/wp\/v2\/media?parent=88"}],"curies":[{"name":"wp","href":"https:\/\/api.w.org\/{rel}","templated":true}]}}