{"id":39,"date":"2024-02-07T17:00:58","date_gmt":"2024-02-07T14:00:58","guid":{"rendered":"https:\/\/ezdesirkemali.de\/?page_id=39"},"modified":"2025-09-08T11:42:47","modified_gmt":"2025-09-08T08:42:47","slug":"kontakt","status":"publish","type":"page","link":"https:\/\/ezdesirkemali.de\/index.php\/kontakt\/","title":{"rendered":"KONTAKT"},"content":{"rendered":"\n<p>Lassen Sie uns pers\u00f6nlich sprechen<\/p>\n\n\n\n<p>Meine Angebote und Leistungen setzen ein gro\u00dfes Ma\u00df an Vertrauen voraus.\u00a0Das Kontaktformular dient nur zu einer ersten Kontaktaufnahme.\u00a0Danach ist es unverzichtbar, ein pers\u00f6nliches Gespr\u00e4ch \u2013 telefonisch oder face to face (auch Online) \u2013 zu f\u00fchren.\u00a0Darauf freue ich mich und stehe gerne mit Hirn und Herz f\u00fcr Therapie- und Coaching-Aufgaben zur Verf\u00fcgung.\u00a0Alle Anfragen zu meiner Person als Autor, Sprecher oder Dozent beantworte ich kurzfristig pers\u00f6nlich.<\/p>\n\n\n\n<p><\/p>\n\n\n<div class=\"forminator-ui forminator-custom-form forminator-custom-form-40 forminator-design--default  forminator_ajax\" data-forminator-render=\"0\" data-form=\"forminator-module-40\" data-uid=\"69de3fcad2c90\"><br\/><\/div><form\n\t\t\t\tid=\"forminator-module-40\"\n\t\t\t\tclass=\"forminator-ui forminator-custom-form forminator-custom-form-40 forminator-design--default  forminator_ajax\"\n\t\t\t\tmethod=\"post\"\n\t\t\t\tdata-forminator-render=\"0\"\n\t\t\t\tdata-form-id=\"40\"\n\t\t\t\t\n\t\t\t\tdata-design=\"default\"\n\t\t\t\tdata-color-option=\"default\"\n\t\t\t\t\n\t\t\t\t\n\t\t\t\t\n\t\t\t\tdata-grid=\"open\"\n\t\t\t\t\n\t\t\t\t\n\t\t\t\tstyle=\"display: none;\"\n\t\t\t\t\n\t\t\t\tdata-uid=\"69de3fcad2c90\"\n\t\t\t><div role=\"alert\" aria-live=\"polite\" class=\"forminator-response-message forminator-error\" aria-hidden=\"true\"><\/div><div class=\"forminator-row\"><div id=\"name-1\" class=\"forminator-field-name forminator-col forminator-col-12 \"><div class=\"forminator-field\"><label for=\"forminator-field-name-1_69de3fcad2c90\" id=\"forminator-field-name-1_69de3fcad2c90-label\" class=\"forminator-label\">Vorname Nachname <span class=\"forminator-required\">*<\/span><\/label><input type=\"text\" name=\"name-1\" value=\"\" placeholder=\"Vorname Nachname\" id=\"forminator-field-name-1_69de3fcad2c90\" class=\"forminator-input forminator-name--field\" aria-required=\"true\" \/><\/div><\/div><\/div><div class=\"forminator-row\"><div id=\"email-1\" class=\"forminator-field-email forminator-col forminator-col-12 \"><div class=\"forminator-field\"><label for=\"forminator-field-email-1_69de3fcad2c90\" id=\"forminator-field-email-1_69de3fcad2c90-label\" class=\"forminator-label\">E-Mail <span class=\"forminator-required\">*<\/span><\/label><input type=\"email\" name=\"email-1\" value=\"\" placeholder=\"E-Mail\" id=\"forminator-field-email-1_69de3fcad2c90\" class=\"forminator-input forminator-email--field\" data-required=\"true\" aria-required=\"true\" \/><\/div><\/div><\/div><div class=\"forminator-row\"><div id=\"phone-1\" class=\"forminator-field-phone forminator-col forminator-col-12 \"><div class=\"forminator-field\"><label for=\"forminator-field-phone-1_69de3fcad2c90\" id=\"forminator-field-phone-1_69de3fcad2c90-label\" class=\"forminator-label\">Telefon Nummer<\/label><input type=\"text\" name=\"phone-1\" value=\"\" placeholder=\"Telefon Nummer\" id=\"forminator-field-phone-1_69de3fcad2c90\" class=\"forminator-input forminator-field--phone\" data-required=\"\" aria-required=\"false\" autocomplete=\"off\" \/><\/div><\/div><\/div><div class=\"forminator-row\"><div id=\"textarea-1\" class=\"forminator-field-textarea forminator-col forminator-col-12 \"><div class=\"forminator-field\"><label for=\"forminator-field-textarea-1_69de3fcad2c90\" id=\"forminator-field-textarea-1_69de3fcad2c90-label\" class=\"forminator-label\">Nachricht<\/label><textarea name=\"textarea-1\" placeholder=\"Nachricht\" id=\"forminator-field-textarea-1_69de3fcad2c90\" class=\"forminator-textarea\" rows=\"6\" style=\"min-height:140px;\" maxlength=\"180\" ><\/textarea><span id=\"forminator-field-textarea-1_69de3fcad2c90-description\" class=\"forminator-description\"><span data-limit=\"180\" data-type=\"characters\" data-editor=\"\">0 \/ 180<\/span><\/span><\/div><\/div><\/div><div class=\"forminator-row\"><div id=\"select-1\" class=\"forminator-field-select forminator-col forminator-col-12 \"><div class=\"forminator-field\"><label for=\"forminator-form-40__field--select-1_69de3fcad2c90\" id=\"forminator-form-40__field--select-1_69de3fcad2c90-label\" class=\"forminator-label\">Betreff Ausw\u00e4hlen<\/label><select  id=\"forminator-form-40__field--select-1_69de3fcad2c90\" class=\"forminator-select--field forminator-select2 forminator-select2-multiple\" data-required=\"\" name=\"select-1\" data-default-value=\"\" data-hidden-behavior=\"zero\" data-placeholder=\"Betreff Ausw\u00e4hlen\" data-search=\"false\" data-search-placeholder=\"Betreff Ausw\u00e4hlen\" data-checkbox=\"false\" data-allow-clear=\"false\" aria-labelledby=\"forminator-form-40__field--select-1_69de3fcad2c90-label\" aria-describedby=\"forminator-form-40__field--select-1_69de3fcad2c90-description\"><option value=\"\"  >Betreff Ausw\u00e4hlen<\/option><option value=\"one\"  data-calculation=\"0\">Betreff Ausw\u00e4hlen<\/option><option value=\"two\"  data-calculation=\"0\">Coaching<\/option><option value=\"Speaker\"  data-calculation=\"0\">Speaker<\/option><option value=\"Authore\"  data-calculation=\"0\">Autore<\/option><option value=\"Lehrer---Theraeut\"  data-calculation=\"0\">Lehrer \/ Theraeut<\/option><option value=\"Andere\"  data-calculation=\"0\">Andere<\/option><\/select><span id=\"forminator-form-40__field--select-1_69de3fcad2c90-description\" class=\"forminator-description\">Betreff Ausw\u00e4hlen<\/span><\/div><\/div><\/div><input type=\"hidden\" name=\"referer_url\" value=\"\" \/><div class=\"forminator-row forminator-row-last\"><div class=\"forminator-col\"><div class=\"forminator-field\"><button class=\"forminator-button forminator-button-submit\">Senden<\/button><\/div><\/div><\/div><input type=\"hidden\" id=\"forminator_nonce\" name=\"forminator_nonce\" value=\"2b55872ec5\" \/><input type=\"hidden\" name=\"_wp_http_referer\" value=\"\/index.php\/wp-json\/wp\/v2\/pages\/39\" \/><input type=\"hidden\" name=\"form_id\" value=\"40\"><input type=\"hidden\" name=\"page_id\" value=\"39\"><input type=\"hidden\" name=\"form_type\" value=\"default\"><input type=\"hidden\" name=\"current_url\" value=\"https:\/\/ezdesirkemali.de\/index.php\/kontakt\/\"><input type=\"hidden\" name=\"render_id\" value=\"0\"><input type=\"hidden\" name=\"action\" value=\"forminator_submit_form_custom-forms\"><\/form>\n","protected":false},"excerpt":{"rendered":"<p>Lassen Sie uns pers\u00f6nlich sprechen Meine Angebote und Leistungen setzen ein gro\u00dfes Ma\u00df an Vertrauen voraus.\u00a0Das Kontaktformular dient nur zu einer ersten Kontaktaufnahme.\u00a0Danach ist es unverzichtbar, ein pers\u00f6nliches Gespr\u00e4ch \u2013 telefonisch oder face to face (auch Online) \u2013 zu f\u00fchren.\u00a0Darauf freue ich mich und stehe gerne mit Hirn und Herz f\u00fcr Therapie- und Coaching-Aufgaben zur [&hellip;]<\/p>\n","protected":false},"author":1,"featured_media":0,"parent":0,"menu_order":0,"comment_status":"closed","ping_status":"closed","template":"","meta":{"footnotes":""},"class_list":["post-39","page","type-page","status-publish","hentry"],"_links":{"self":[{"href":"https:\/\/ezdesirkemali.de\/index.php\/wp-json\/wp\/v2\/pages\/39","targetHints":{"allow":["GET"]}}],"collection":[{"href":"https:\/\/ezdesirkemali.de\/index.php\/wp-json\/wp\/v2\/pages"}],"about":[{"href":"https:\/\/ezdesirkemali.de\/index.php\/wp-json\/wp\/v2\/types\/page"}],"author":[{"embeddable":true,"href":"https:\/\/ezdesirkemali.de\/index.php\/wp-json\/wp\/v2\/users\/1"}],"replies":[{"embeddable":true,"href":"https:\/\/ezdesirkemali.de\/index.php\/wp-json\/wp\/v2\/comments?post=39"}],"version-history":[{"count":1,"href":"https:\/\/ezdesirkemali.de\/index.php\/wp-json\/wp\/v2\/pages\/39\/revisions"}],"predecessor-version":[{"id":41,"href":"https:\/\/ezdesirkemali.de\/index.php\/wp-json\/wp\/v2\/pages\/39\/revisions\/41"}],"wp:attachment":[{"href":"https:\/\/ezdesirkemali.de\/index.php\/wp-json\/wp\/v2\/media?parent=39"}],"curies":[{"name":"wp","href":"https:\/\/api.w.org\/{rel}","templated":true}]}}