{"id":321,"date":"2025-09-15T13:22:01","date_gmt":"2025-09-15T10:22:01","guid":{"rendered":"https:\/\/ezdesirkemali.de\/?page_id=321"},"modified":"2025-09-15T15:30:12","modified_gmt":"2025-09-15T12:30:12","slug":"degerlendirmeler-2","status":"publish","type":"page","link":"https:\/\/ezdesirkemali.de\/index.php\/tr\/degerlendirmeler-2\/","title":{"rendered":"De\u011ferlendirmeler"},"content":{"rendered":"\n<p>De\u011ferlendimeler ile alakal\u0131 a\u00e7\u0131klamalar burada olacaklar.<\/p>\n\n\n\n<p><\/p>\n\n\n\n<div class=\"wp-block-columns is-layout-flex wp-container-core-columns-is-layout-28f84493 wp-block-columns-is-layout-flex\">\n<div class=\"wp-block-column is-layout-flow wp-container-core-column-is-layout-a77db08e wp-block-column-is-layout-flow\">\n<div class=\"wp-block-buttons is-content-justification-center is-layout-flex wp-container-core-buttons-is-layout-a89b3969 wp-block-buttons-is-layout-flex\" style=\"border-style:none;border-width:0px;border-radius:23px\">\n<div class=\"wp-block-button has-custom-width wp-block-button__width-75\"><a class=\"wp-block-button__link wp-element-button\" href=\"https:\/\/ezdesirkemali.de\/index.php\/tr\/1-bireysel-derinlestirme-konulari-kendini-tanima\/\">Kendini tan\u0131ma<\/a><\/div>\n\n\n\n<div class=\"wp-block-button has-custom-width wp-block-button__width-75\"><a class=\"wp-block-button__link wp-element-button\" href=\"https:\/\/ezdesirkemali.de\/index.php\/tr\/1-bireysel-derinlestirme-konulari-korku-ve-cesaret\/\">Korku ve cesaret<\/a><\/div>\n\n\n\n<div class=\"wp-block-button has-custom-width wp-block-button__width-75\"><a class=\"wp-block-button__link wp-element-button\" href=\"https:\/\/ezdesirkemali.de\/index.php\/tr\/1-bireysel-derinlestirme-konulari-vucut-ve-saglik\/\">V\u00fccut ve sa\u011fl\u0131k<\/a><\/div>\n\n\n\n<div class=\"wp-block-button has-custom-width wp-block-button__width-75\"><a class=\"wp-block-button__link wp-element-button\" href=\"https:\/\/ezdesirkemali.de\/index.php\/tr\/1-bireysel-derinlestirme-konulari-zaman-ve-gecicilik\/\">Zaman ve ge\u00e7icilik<\/a><\/div>\n\n\n\n<div class=\"wp-block-button has-custom-width wp-block-button__width-75\"><a class=\"wp-block-button__link wp-element-button\" href=\"https:\/\/ezdesirkemali.de\/index.php\/tr\/1-bireysel-derinlestirme-konulari-para-ve-guvenlik\/\">Para ve g\u00fcvenlik<\/a><\/div>\n\n\n\n<div class=\"wp-block-button has-custom-width wp-block-button__width-75\"><a class=\"wp-block-button__link wp-element-button\" href=\"https:\/\/ezdesirkemali.de\/index.php\/tr\/1-bireysel-derinlestirme-konulari-icsel-gerceklik\/\">\u0130\u00e7sel ger\u00e7eklik<\/a><\/div>\n\n\n\n<div class=\"wp-block-button has-custom-width wp-block-button__width-75\"><a class=\"wp-block-button__link wp-element-button\" href=\"https:\/\/ezdesirkemali.de\/index.php\/tr\/1-bireysel-derinlestirme-konulari-degerler\/\">De\u011ferler<\/a><\/div>\n\n\n\n<div class=\"wp-block-button has-custom-width wp-block-button__width-75\"><a class=\"wp-block-button__link wp-element-button\" href=\"https:\/\/ezdesirkemali.de\/index.php\/tr\/1-bireysel-derinlestirme-konulari-kendine-yetmek\/\">Kendine yetmek<\/a><\/div>\n\n\n\n<div class=\"wp-block-button has-custom-width wp-block-button__width-75\"><a class=\"wp-block-button__link wp-element-button\" href=\"https:\/\/ezdesirkemali.de\/index.php\/tr\/1-bireysel-derinlestirme-konulari-utanc-ve-ozdeger\/\">Utan\u00e7 ve \u00f6zde\u011fer<\/a><\/div>\n<\/div>\n<\/div>\n\n\n\n<div class=\"wp-block-column is-layout-flow wp-block-column-is-layout-flow\">\n<div class=\"wp-block-buttons is-content-justification-center is-layout-flex wp-container-core-buttons-is-layout-a89b3969 wp-block-buttons-is-layout-flex\" style=\"border-style:none;border-width:0px;border-radius:23px\">\n<div class=\"wp-block-button has-custom-width wp-block-button__width-75\"><a class=\"wp-block-button__link wp-element-button\" href=\"https:\/\/ezdesirkemali.de\/index.php\/tr\/2-kisilerarasi-iliskilerde-derinlesme-konulari-iliskiler\/\">\u0130li\u015fkiler<\/a><\/div>\n\n\n\n<div class=\"wp-block-button has-custom-width wp-block-button__width-75\"><a class=\"wp-block-button__link wp-element-button\" href=\"https:\/\/ezdesirkemali.de\/index.php\/tr\/2-kisilerarasi-iliskilerde-derinlesme-konulari-sevgi-ve-yakinlik\/\">Sevgi ve yak\u0131nl\u0131k<\/a><\/div>\n\n\n\n<div class=\"wp-block-button has-custom-width wp-block-button__width-75\"><a class=\"wp-block-button__link wp-element-button\" href=\"https:\/\/ezdesirkemali.de\/index.php\/tr\/2-kisilerarasi-iliskilerde-derinlesme-konulari-cocuklar-ve-egitim\/\">\u00c7ocuklar ve e\u011fitim<\/a><\/div>\n\n\n\n<div class=\"wp-block-button has-custom-width wp-block-button__width-75\"><a class=\"wp-block-button__link wp-element-button\" href=\"https:\/\/ezdesirkemali.de\/index.php\/tr\/2-kisilerarasi-iliskilerde-derinlesme-konulari-gercek-ve-yalan\/\">Ger\u00e7ek ve yalan<\/a><\/div>\n\n\n\n<div class=\"wp-block-button has-custom-width wp-block-button__width-75\"><a class=\"wp-block-button__link wp-element-button\" href=\"https:\/\/ezdesirkemali.de\/index.php\/tr\/2-kisilerarasi-iliskilerde-derinlesme-konulari-ozgurluk-ve-kontrol\/\"><strong>\u00d6zg\u00fcrl\u00fck ve Kontrol<\/strong><\/a><\/div>\n\n\n\n<div class=\"wp-block-button has-custom-width wp-block-button__width-75\"><a class=\"wp-block-button__link wp-element-button\" href=\"https:\/\/ezdesirkemali.de\/index.php\/tr\/2-kisilerarasi-iliskilerde-derinlesme-konulari-arkadaslik-ve-aidiyet\/\"><strong>Arkada\u015fl\u0131k ve aidiye<\/strong><\/a><\/div>\n\n\n\n<div class=\"wp-block-button has-custom-width wp-block-button__width-75\"><a class=\"wp-block-button__link wp-element-button\" href=\"https:\/\/ezdesirkemali.de\/index.php\/tr\/1-bireysel-derinlestirme-konulari-utanc-ve-ozdeger\/\">Utan\u00e7 ve \u00f6zde\u011fer<\/a><\/div>\n<\/div>\n<\/div>\n<\/div>\n\n\n\n<p><\/p>\n","protected":false},"excerpt":{"rendered":"<p>De\u011ferlendimeler ile alakal\u0131 a\u00e7\u0131klamalar burada olacaklar.<\/p>\n","protected":false},"author":1,"featured_media":0,"parent":0,"menu_order":0,"comment_status":"closed","ping_status":"closed","template":"","meta":{"footnotes":""},"class_list":["post-321","page","type-page","status-publish","hentry"],"_links":{"self":[{"href":"https:\/\/ezdesirkemali.de\/index.php\/wp-json\/wp\/v2\/pages\/321","targetHints":{"allow":["GET"]}}],"collection":[{"href":"https:\/\/ezdesirkemali.de\/index.php\/wp-json\/wp\/v2\/pages"}],"about":[{"href":"https:\/\/ezdesirkemali.de\/index.php\/wp-json\/wp\/v2\/types\/page"}],"author":[{"embeddable":true,"href":"https:\/\/ezdesirkemali.de\/index.php\/wp-json\/wp\/v2\/users\/1"}],"replies":[{"embeddable":true,"href":"https:\/\/ezdesirkemali.de\/index.php\/wp-json\/wp\/v2\/comments?post=321"}],"version-history":[{"count":8,"href":"https:\/\/ezdesirkemali.de\/index.php\/wp-json\/wp\/v2\/pages\/321\/revisions"}],"predecessor-version":[{"id":379,"href":"https:\/\/ezdesirkemali.de\/index.php\/wp-json\/wp\/v2\/pages\/321\/revisions\/379"}],"wp:attachment":[{"href":"https:\/\/ezdesirkemali.de\/index.php\/wp-json\/wp\/v2\/media?parent=321"}],"curies":[{"name":"wp","href":"https:\/\/api.w.org\/{rel}","templated":true}]}}