{"id":194,"date":"2025-09-09T15:31:23","date_gmt":"2025-09-09T12:31:23","guid":{"rendered":"https:\/\/ezdesirkemali.de\/?page_id=194"},"modified":"2025-09-13T10:15:04","modified_gmt":"2025-09-13T07:15:04","slug":"konusmaci","status":"publish","type":"page","link":"https:\/\/ezdesirkemali.de\/index.php\/tr\/konusmaci\/","title":{"rendered":"Konu\u015fmac\u0131"},"content":{"rendered":"<nav class=\"has-background has-ti-bg-alt-background-color is-responsive items-justified-center alignwide wp-block-navigation is-content-justification-center is-layout-flex wp-container-core-navigation-is-layout-a89b3969 wp-block-navigation-is-layout-flex\" aria-label=\"\u00dcst bilgi gezinmesi\" \n\t\t data-wp-interactive=\"core\/navigation\" data-wp-context='{\"overlayOpenedBy\":{\"click\":false,\"hover\":false,\"focus\":false},\"type\":\"overlay\",\"roleAttribute\":\"\",\"ariaLabel\":\"Men\\u00fc\"}'><button aria-haspopup=\"dialog\" aria-label=\"Men\u00fcy\u00fc a\u00e7\" class=\"wp-block-navigation__responsive-container-open\" \n\t\t\t\tdata-wp-on--click=\"actions.openMenuOnClick\"\n\t\t\t\tdata-wp-on--keydown=\"actions.handleMenuKeydown\"\n\t\t\t><svg width=\"24\" height=\"24\" xmlns=\"http:\/\/www.w3.org\/2000\/svg\" viewBox=\"0 0 24 24\" aria-hidden=\"true\" focusable=\"false\"><path d=\"M4 7.5h16v1.5H4z\"><\/path><path d=\"M4 15h16v1.5H4z\"><\/path><\/svg><\/button>\n\t\t\t\t<div class=\"wp-block-navigation__responsive-container\"  id=\"modal-1\" \n\t\t\t\tdata-wp-class--has-modal-open=\"state.isMenuOpen\"\n\t\t\t\tdata-wp-class--is-menu-open=\"state.isMenuOpen\"\n\t\t\t\tdata-wp-watch=\"callbacks.initMenu\"\n\t\t\t\tdata-wp-on--keydown=\"actions.handleMenuKeydown\"\n\t\t\t\tdata-wp-on--focusout=\"actions.handleMenuFocusout\"\n\t\t\t\ttabindex=\"-1\"\n\t\t\t>\n\t\t\t\t\t<div class=\"wp-block-navigation__responsive-close\" tabindex=\"-1\">\n\t\t\t\t\t\t<div class=\"wp-block-navigation__responsive-dialog\" \n\t\t\t\tdata-wp-bind--aria-modal=\"state.ariaModal\"\n\t\t\t\tdata-wp-bind--aria-label=\"state.ariaLabel\"\n\t\t\t\tdata-wp-bind--role=\"state.roleAttribute\"\n\t\t\t>\n\t\t\t\t\t\t\t<button aria-label=\"Men\u00fcy\u00fc kapat\" class=\"wp-block-navigation__responsive-container-close\" \n\t\t\t\tdata-wp-on--click=\"actions.closeMenuOnClick\"\n\t\t\t><svg xmlns=\"http:\/\/www.w3.org\/2000\/svg\" viewBox=\"0 0 24 24\" width=\"24\" height=\"24\" aria-hidden=\"true\" focusable=\"false\"><path d=\"m13.06 12 6.47-6.47-1.06-1.06L12 10.94 5.53 4.47 4.47 5.53 10.94 12l-6.47 6.47 1.06 1.06L12 13.06l6.47 6.47 1.06-1.06L13.06 12Z\"><\/path><\/svg><\/button>\n\t\t\t\t\t\t\t<div class=\"wp-block-navigation__responsive-container-content\" \n\t\t\t\tdata-wp-watch=\"callbacks.focusFirstElement\"\n\t\t\t id=\"modal-1-content\">\n\t\t\t\t\t\t\t\t<ul class=\"wp-block-navigation__container has-background has-ti-bg-alt-background-color is-responsive items-justified-center alignwide wp-block-navigation\"><li class=\" wp-block-navigation-item wp-block-navigation-link\"><a class=\"wp-block-navigation-item__content\"  href=\"https:\/\/ezdesirkemali.de\/index.php\/saglik-yasam-kocu\/\"><span class=\"wp-block-navigation-item__label\">Sa\u011fl\u0131k ve Ya\u015fam Ko\u00e7u<\/span><\/a><\/li><li class=\" wp-block-navigation-item wp-block-navigation-link\"><a class=\"wp-block-navigation-item__content\"  href=\"https:\/\/ezdesirkemali.de\/index.php\/tr\/person\/\"><span class=\"wp-block-navigation-item__label\">Ki\u015fisel<\/span><\/a><\/li><li class=\" wp-block-navigation-item wp-block-navigation-link\"><a class=\"wp-block-navigation-item__content\"  href=\"https:\/\/ezdesirkemali.de\/index.php\/tr\/konusmaci\/\"><span class=\"wp-block-navigation-item__label\">Konu\u015fmac\u0131<\/span><\/a><\/li><li class=\" wp-block-navigation-item wp-block-navigation-link\"><a class=\"wp-block-navigation-item__content\"  href=\"https:\/\/ezdesirkemali.de\/index.php\/tr\/yazar\/\"><span class=\"wp-block-navigation-item__label\">Yazar<\/span><\/a><\/li><li class=\" wp-block-navigation-item wp-block-navigation-link\"><a class=\"wp-block-navigation-item__content\"  href=\"https:\/\/ezdesirkemali.de\/index.php\/tr\/ogretmen-terapist\/\"><span class=\"wp-block-navigation-item__label\">\u00d6gretmen \/ Terapist<\/span><\/a><\/li><li class=\" wp-block-navigation-item wp-block-navigation-link\"><a class=\"wp-block-navigation-item__content\"  href=\"https:\/\/ezdesirkemali.de\/index.php\/tr\/degerlendirmeler-2\/\"><span class=\"wp-block-navigation-item__label\">De\u011ferlendirmeler<\/span><\/a><\/li><\/ul>\n\t\t\t\t\t\t\t<\/div>\n\t\t\t\t\t\t<\/div>\n\t\t\t\t\t<\/div>\n\t\t\t\t<\/div><\/nav>\n\n\n<p class=\"has-text-align-center\">G\u00fc\u00e7l\u00fc s\u00f6zlerden olu\u015fan bir adam<\/p>\n\n\n\n<p class=\"has-text-align-center\">\u00c7ok farkl\u0131 bir hayat\u0131n karanl\u0131k taraf\u0131na ac\u0131 \u00e7ekenlerden biri, her zaman sahip olabilirdik&#8230;!&nbsp;\u2013 Ezdesir Kemali<\/p>\n\n\n\n<div style=\"height:100px\" aria-hidden=\"true\" class=\"wp-block-spacer\"><\/div>\n\n\n\n<figure class=\"wp-block-image aligncenter size-full\"><img fetchpriority=\"high\" decoding=\"async\" width=\"450\" height=\"483\" src=\"https:\/\/ezdesirkemali.de\/wp-content\/uploads\/2024\/02\/kursu.jpg\" alt=\"\" class=\"wp-image-78\"\/><\/figure>\n\n\n\n<p>Ezdesir Kemali, bilgi ve becerilerinin \u00f6l\u00e7e\u011fini olabildi\u011fince geni\u015f bir \u015fekilde de\u011fi\u015ftirmeyi misyon edinmi\u015ftir.&nbsp;Bu nedenle, her f\u0131rsat\u0131, Bilgisini ve deneyimini geni\u015f bir kitleye kullan\u0131r.<\/p>\n\n\n\n<p>Konu\u015fmac\u0131 ve \u00f6\u011fretim g\u00f6revlisi olarak, Beden ve Zihin alan\u0131nda g\u00fc\u00e7l\u00fc s\u00f6zler ve net bir mesaj talep edilirse yard\u0131mc\u0131 olmaktan mutluluk duyar.<\/p>\n\n\n\n<p><\/p>\n\n\n\n<p><\/p>\n\n\n\n<div style=\"height:100px\" aria-hidden=\"true\" class=\"wp-block-spacer\"><\/div>\n\n\n\n<div class=\"wp-block-media-text alignwide has-media-on-the-right is-stacked-on-mobile is-vertically-aligned-center is-image-fill-element is-style-default\" style=\"grid-template-columns:auto 26%\"><div class=\"wp-block-media-text__content\">\n<h3 class=\"wp-block-heading\">Ders Konular\u0131<\/h3>\n\n\n\n<p><strong>1.&nbsp;&#8220;Bana ac\u0131m\u0131 anlatmaya \u00e7al\u0131\u015fan nedir?&#8221;<\/strong><br>Ac\u0131 bir mesajd\u0131r, Ac\u0131 hayat\u0131n bir par\u00e7as\u0131d\u0131r ,sadece nas\u0131l yap\u0131laca\u011f\u0131n\u0131 \u00f6\u011frenmelisin<\/p>\n\n\n\n<p><strong>2.&nbsp;&#8220;Sa\u011fl\u0131kl\u0131 ya\u015fam tarz\u0131d\u0131r &#8230;&#8221;<\/strong><br>Sa\u011fl\u0131\u011f\u0131n temelleri.Sa\u011fl\u0131k nedir?<\/p>\n\n\n\n<p><strong>3.&nbsp;&#8220;Hissetmek i\u00e7in ya\u015f\u0131yoruz&#8221; -.<\/strong><br>Bast\u0131r\u0131lm\u0131\u015f duygular neye neden olabilir<\/p>\n\n\n\n<p><strong>4.&nbsp;&#8220;Bilin\u00e7li duygular mesle\u011finde ba\u015far\u0131&#8221;<\/strong><br>D\u00fc\u015f\u00fcnce neden abart\u0131l\u0131yor<\/p>\n\n\n\n<p><strong>5.&nbsp;&#8220;Kimlik, beden fark\u0131ndal\u0131\u011f\u0131 ve \u00f6z yeterlik kayb\u0131&#8221;<\/strong><br>Sosyal Medya neden hayat\u0131m\u0131z\u0131 mahvediyor<\/p>\n<\/div><figure class=\"wp-block-media-text__media\"><img decoding=\"async\" width=\"460\" height=\"856\" src=\"https:\/\/ezdesirkemali.de\/wp-content\/uploads\/2024\/02\/speak.jpg\" alt=\"\" class=\"wp-image-80 size-full\" style=\"object-position:50% 50%\"\/><\/figure><\/div>\n\n\n\n<div style=\"height:100px\" aria-hidden=\"true\" class=\"wp-block-spacer\"><\/div>\n\n\n\n<figure class=\"wp-block-gallery alignwide has-nested-images columns-2 is-cropped wp-block-gallery-2 is-layout-flex wp-block-gallery-is-layout-flex\">\n<figure class=\"wp-block-image size-full\"><img decoding=\"async\" width=\"400\" height=\"400\" data-id=\"81\" src=\"https:\/\/ezdesirkemali.de\/wp-content\/uploads\/2024\/02\/speak-1a.jpg\" alt=\"\" class=\"wp-image-81\"\/><\/figure>\n\n\n\n<figure class=\"wp-block-image size-full\"><img loading=\"lazy\" decoding=\"async\" width=\"400\" height=\"400\" data-id=\"82\" src=\"https:\/\/ezdesirkemali.de\/wp-content\/uploads\/2024\/02\/speak-2a.jpg\" alt=\"\" class=\"wp-image-82\"\/><\/figure>\n<\/figure>\n\n\n\n<figure class=\"wp-block-gallery alignwide has-nested-images columns-default is-cropped wp-block-gallery-3 is-layout-flex wp-block-gallery-is-layout-flex\">\n<figure class=\"wp-block-image size-full\"><img loading=\"lazy\" decoding=\"async\" width=\"400\" height=\"400\" data-id=\"83\" src=\"https:\/\/ezdesirkemali.de\/wp-content\/uploads\/2024\/02\/speak-3a.jpg\" alt=\"\" class=\"wp-image-83\"\/><\/figure>\n\n\n\n<figure class=\"wp-block-image size-full\"><img loading=\"lazy\" decoding=\"async\" width=\"400\" height=\"400\" data-id=\"84\" src=\"https:\/\/ezdesirkemali.de\/wp-content\/uploads\/2024\/02\/speak-4a.jpg\" alt=\"\" class=\"wp-image-84\"\/><\/figure>\n<\/figure>\n\n\n\n<figure class=\"wp-block-gallery alignwide has-nested-images columns-default is-cropped wp-block-gallery-4 is-layout-flex wp-block-gallery-is-layout-flex\">\n<figure class=\"wp-block-image size-full\"><img loading=\"lazy\" decoding=\"async\" width=\"400\" height=\"400\" data-id=\"85\" src=\"https:\/\/ezdesirkemali.de\/wp-content\/uploads\/2024\/02\/speak-5a.jpg\" alt=\"\" class=\"wp-image-85\"\/><\/figure>\n\n\n\n<figure class=\"wp-block-image size-full\"><img loading=\"lazy\" decoding=\"async\" width=\"400\" height=\"400\" data-id=\"86\" src=\"https:\/\/ezdesirkemali.de\/wp-content\/uploads\/2024\/02\/speak-6a.jpg\" alt=\"\" class=\"wp-image-86\"\/><\/figure>\n<\/figure>\n","protected":false},"excerpt":{"rendered":"<p>G\u00fc\u00e7l\u00fc s\u00f6zlerden olu\u015fan bir adam \u00c7ok farkl\u0131 bir hayat\u0131n karanl\u0131k taraf\u0131na ac\u0131 \u00e7ekenlerden biri, her zaman sahip olabilirdik&#8230;!&nbsp;\u2013 Ezdesir Kemali Ezdesir Kemali, bilgi ve becerilerinin \u00f6l\u00e7e\u011fini olabildi\u011fince geni\u015f bir \u015fekilde de\u011fi\u015ftirmeyi misyon edinmi\u015ftir.&nbsp;Bu nedenle, her f\u0131rsat\u0131, Bilgisini ve deneyimini geni\u015f bir kitleye kullan\u0131r. Konu\u015fmac\u0131 ve \u00f6\u011fretim g\u00f6revlisi olarak, Beden ve Zihin alan\u0131nda g\u00fc\u00e7l\u00fc s\u00f6zler ve [&hellip;]<\/p>\n","protected":false},"author":1,"featured_media":0,"parent":0,"menu_order":0,"comment_status":"closed","ping_status":"closed","template":"","meta":{"footnotes":""},"class_list":["post-194","page","type-page","status-publish","hentry"],"_links":{"self":[{"href":"https:\/\/ezdesirkemali.de\/index.php\/wp-json\/wp\/v2\/pages\/194","targetHints":{"allow":["GET"]}}],"collection":[{"href":"https:\/\/ezdesirkemali.de\/index.php\/wp-json\/wp\/v2\/pages"}],"about":[{"href":"https:\/\/ezdesirkemali.de\/index.php\/wp-json\/wp\/v2\/types\/page"}],"author":[{"embeddable":true,"href":"https:\/\/ezdesirkemali.de\/index.php\/wp-json\/wp\/v2\/users\/1"}],"replies":[{"embeddable":true,"href":"https:\/\/ezdesirkemali.de\/index.php\/wp-json\/wp\/v2\/comments?post=194"}],"version-history":[{"count":4,"href":"https:\/\/ezdesirkemali.de\/index.php\/wp-json\/wp\/v2\/pages\/194\/revisions"}],"predecessor-version":[{"id":236,"href":"https:\/\/ezdesirkemali.de\/index.php\/wp-json\/wp\/v2\/pages\/194\/revisions\/236"}],"wp:attachment":[{"href":"https:\/\/ezdesirkemali.de\/index.php\/wp-json\/wp\/v2\/media?parent=194"}],"curies":[{"name":"wp","href":"https:\/\/api.w.org\/{rel}","templated":true}]}}