{"id":191,"date":"2025-09-09T14:59:21","date_gmt":"2025-09-09T11:59:21","guid":{"rendered":"https:\/\/ezdesirkemali.de\/?page_id=191"},"modified":"2025-09-13T10:15:42","modified_gmt":"2025-09-13T07:15:42","slug":"ogretmen-terapist","status":"publish","type":"page","link":"https:\/\/ezdesirkemali.de\/index.php\/tr\/ogretmen-terapist\/","title":{"rendered":"\u00d6\u011fretmen \/ Terapist"},"content":{"rendered":"<nav class=\"has-background has-ti-bg-alt-background-color is-responsive items-justified-center alignwide wp-block-navigation is-content-justification-center is-layout-flex wp-container-core-navigation-is-layout-a89b3969 wp-block-navigation-is-layout-flex\" aria-label=\"\u00dcst bilgi gezinmesi\" \n\t\t data-wp-interactive=\"core\/navigation\" data-wp-context='{\"overlayOpenedBy\":{\"click\":false,\"hover\":false,\"focus\":false},\"type\":\"overlay\",\"roleAttribute\":\"\",\"ariaLabel\":\"Men\\u00fc\"}'><button aria-haspopup=\"dialog\" aria-label=\"Men\u00fcy\u00fc a\u00e7\" class=\"wp-block-navigation__responsive-container-open\" \n\t\t\t\tdata-wp-on--click=\"actions.openMenuOnClick\"\n\t\t\t\tdata-wp-on--keydown=\"actions.handleMenuKeydown\"\n\t\t\t><svg width=\"24\" height=\"24\" xmlns=\"http:\/\/www.w3.org\/2000\/svg\" viewBox=\"0 0 24 24\" aria-hidden=\"true\" focusable=\"false\"><path d=\"M4 7.5h16v1.5H4z\"><\/path><path d=\"M4 15h16v1.5H4z\"><\/path><\/svg><\/button>\n\t\t\t\t<div class=\"wp-block-navigation__responsive-container\"  id=\"modal-1\" \n\t\t\t\tdata-wp-class--has-modal-open=\"state.isMenuOpen\"\n\t\t\t\tdata-wp-class--is-menu-open=\"state.isMenuOpen\"\n\t\t\t\tdata-wp-watch=\"callbacks.initMenu\"\n\t\t\t\tdata-wp-on--keydown=\"actions.handleMenuKeydown\"\n\t\t\t\tdata-wp-on--focusout=\"actions.handleMenuFocusout\"\n\t\t\t\ttabindex=\"-1\"\n\t\t\t>\n\t\t\t\t\t<div class=\"wp-block-navigation__responsive-close\" tabindex=\"-1\">\n\t\t\t\t\t\t<div class=\"wp-block-navigation__responsive-dialog\" \n\t\t\t\tdata-wp-bind--aria-modal=\"state.ariaModal\"\n\t\t\t\tdata-wp-bind--aria-label=\"state.ariaLabel\"\n\t\t\t\tdata-wp-bind--role=\"state.roleAttribute\"\n\t\t\t>\n\t\t\t\t\t\t\t<button aria-label=\"Men\u00fcy\u00fc kapat\" class=\"wp-block-navigation__responsive-container-close\" \n\t\t\t\tdata-wp-on--click=\"actions.closeMenuOnClick\"\n\t\t\t><svg xmlns=\"http:\/\/www.w3.org\/2000\/svg\" viewBox=\"0 0 24 24\" width=\"24\" height=\"24\" aria-hidden=\"true\" focusable=\"false\"><path d=\"m13.06 12 6.47-6.47-1.06-1.06L12 10.94 5.53 4.47 4.47 5.53 10.94 12l-6.47 6.47 1.06 1.06L12 13.06l6.47 6.47 1.06-1.06L13.06 12Z\"><\/path><\/svg><\/button>\n\t\t\t\t\t\t\t<div class=\"wp-block-navigation__responsive-container-content\" \n\t\t\t\tdata-wp-watch=\"callbacks.focusFirstElement\"\n\t\t\t id=\"modal-1-content\">\n\t\t\t\t\t\t\t\t<ul class=\"wp-block-navigation__container has-background has-ti-bg-alt-background-color is-responsive items-justified-center alignwide wp-block-navigation\"><li class=\" wp-block-navigation-item wp-block-navigation-link\"><a class=\"wp-block-navigation-item__content\"  href=\"https:\/\/ezdesirkemali.de\/index.php\/saglik-yasam-kocu\/\"><span class=\"wp-block-navigation-item__label\">Sa\u011fl\u0131k ve Ya\u015fam Ko\u00e7u<\/span><\/a><\/li><li class=\" wp-block-navigation-item wp-block-navigation-link\"><a class=\"wp-block-navigation-item__content\"  href=\"https:\/\/ezdesirkemali.de\/index.php\/tr\/person\/\"><span class=\"wp-block-navigation-item__label\">Ki\u015fisel<\/span><\/a><\/li><li class=\" wp-block-navigation-item wp-block-navigation-link\"><a class=\"wp-block-navigation-item__content\"  href=\"https:\/\/ezdesirkemali.de\/index.php\/tr\/konusmaci\/\"><span class=\"wp-block-navigation-item__label\">Konu\u015fmac\u0131<\/span><\/a><\/li><li class=\" wp-block-navigation-item wp-block-navigation-link\"><a class=\"wp-block-navigation-item__content\"  href=\"https:\/\/ezdesirkemali.de\/index.php\/tr\/yazar\/\"><span class=\"wp-block-navigation-item__label\">Yazar<\/span><\/a><\/li><li class=\" wp-block-navigation-item wp-block-navigation-link\"><a class=\"wp-block-navigation-item__content\"  href=\"https:\/\/ezdesirkemali.de\/index.php\/tr\/ogretmen-terapist\/\"><span class=\"wp-block-navigation-item__label\">\u00d6gretmen \/ Terapist<\/span><\/a><\/li><li class=\" wp-block-navigation-item wp-block-navigation-link\"><a class=\"wp-block-navigation-item__content\"  href=\"https:\/\/ezdesirkemali.de\/index.php\/tr\/degerlendirmeler-2\/\"><span class=\"wp-block-navigation-item__label\">De\u011ferlendirmeler<\/span><\/a><\/li><\/ul>\n\t\t\t\t\t\t\t<\/div>\n\t\t\t\t\t\t<\/div>\n\t\t\t\t\t<\/div>\n\t\t\t\t<\/div><\/nav>\n\n\n<p class=\"has-text-align-center\">IKOMT konsepti<\/p>\n\n\n\n<p class=\"has-text-align-center\">Klinik Odakl\u0131 \u00e7ok boyutlu terapi Enstit\u00fcs\u00fc.<\/p>\n\n\n<figure class=\"wp-block-post-featured-image\"><img fetchpriority=\"high\" decoding=\"async\" width=\"480\" height=\"468\" src=\"https:\/\/ezdesirkemali.de\/wp-content\/uploads\/2024\/02\/facetoface.jpg\" class=\"attachment-post-thumbnail size-post-thumbnail wp-post-image\" alt=\"\" style=\"object-fit:cover;\" \/><\/figure>\n\n\n<p><em><u>Aktuell arbeitet Herr Kemali <strong>nicht <\/strong>mehr so aktiv als Physiotherapeut. Er betreut <\/u><\/em><em><u>\u015eu anda \u00e7al\u0131\u015f\u0131yor Bay Kemali fizyoterapist kadar aktif&nbsp;<strong>de\u011fil<\/strong>.&nbsp;Terapistleri S\u00fcperviz\u00f6r olarak denetledi ve dersler verdi.<\/u><\/em><\/p>\n\n\n\n<p><em><u>Be learning Enstit\u00fcs\u00fc \u015fu anda sadece T\u00fcrkiye&#8217;de&nbsp;<strong>e\u011fitim<\/strong>&nbsp;vermektedir www.ikomt.com.tr destek Direkt\u00f6r\u00fc olarak daha da geli\u015ftirilmesi ve kalite y\u00f6netiminde yer ald\u0131.<\/u><\/em><\/p>\n\n\n\n<p>IKOMT konsepti Ezdesir Kemali taraf\u0131ndan geli\u015ftirilmi\u015ftir ve 25 y\u0131l\u0131 a\u015fk\u0131n deneyime, sinirbilim ve di\u011fer bir\u00e7ok disiplinde s\u00fcrekli ara\u015ft\u0131rma ve \u00f6\u011fretime dayanmaktad\u0131r.&nbsp;2008&#8217;den beri \u00f6\u011fretti\u011fi kavram, uluslararas\u0131.<\/p>\n\n\n\n<p>\u0130komt&#8217;de Hasta kavram\u0131 , onun \u00fczerinde hareket etmesinin merkezinde bir insan olarak alg\u0131lan\u0131r ve fiziksel, zihinsel, duygusal ve sosyal y\u00fckleri ya\u015far.<\/p>\n\n\n\n<p>Prensip olarak insan\u0131n kalbinde bir B\u00fct\u00fcn olarak g\u00f6r\u00fcld\u00fc\u011f\u00fc, biyolojik, Psikolojik ve Sosyal ili\u015fkili stres fakt\u00f6rleri oldu\u011fu s\u00f6ylenebilir.<\/p>\n\n\n\n<p>Ac\u0131 ve \u0131st\u0131rap , ya\u015fam kalitesinin s\u0131n\u0131rland\u0131r\u0131lmas\u0131n\u0131 belirlemek ve \u00e7\u00f6zmek i\u00e7in \u00f6nde gelen Semptomlar olarak hizmet eder.<\/p>\n\n\n\n<p>Temel olarak, ay\u0131rt edilebilecek \u00fc\u00e7 farkl\u0131 a\u011fr\u0131 t\u00fcr\u00fc vard\u0131r:<\/p>\n\n\n\n<p>Somatojen (gelen) ile ilgili a\u011fr\u0131, s\u00f6zde Donan\u0131m sorunlar\u0131<\/p>\n\n\n\n<p>N\u00f6rojenik a\u011fr\u0131 (sinirler veya Sinirle ilgili), s\u00f6zde Yaz\u0131l\u0131m sorunu (baz\u0131 Donan\u0131mlar)<\/p>\n\n\n\n<p>Kullan\u0131c\u0131 sorunlar\u0131 olarak da adland\u0131r\u0131lan psikojenik a\u011fr\u0131<\/p>\n\n\n\n<p><strong>Ama:<\/strong><\/p>\n\n\n\n<p>Ac\u0131 her zaman fiziksel de\u011fildir ve fiziksel de\u011filseniz, otomatik olarak zihinsel de\u011filsiniz.<\/p>\n\n\n\n<p>T\u00fcr olabilir-yukar\u0131da bahsedilen \u00fc\u00e7 A\u011fr\u0131n\u0131n birle\u015fimidir.<\/p>\n\n\n\n<p>Tedavinin ba\u015flang\u0131c\u0131nda, a\u011fr\u0131 nedenlerinin eklenmesi, \u00f6n te\u015fhisleri dikkate al\u0131narak belirlenir:<\/p>\n\n\n\n<ul class=\"wp-block-list\">\n<li>Tedavi Edici Fakt\u00f6rler<\/li>\n\n\n\n<li>Psiko-Sosyal Stres Fakt\u00f6rleri<\/li>\n\n\n\n<li>Olumsuz inan\u00e7lar<\/li>\n\n\n\n<li>Stresli Davran\u0131\u015flar<\/li>\n\n\n\n<li>K\u00fclfetli Hareket Kal\u0131plar\u0131<\/li>\n<\/ul>\n\n\n\n<p>ve tabii ki, ac\u0131y\u0131 hafifletebilecek t\u00fcm fakt\u00f6rler.<\/p>\n\n\n\n<p>Akut problemler, genellikle daha k\u0131sa s\u00fcrelerde tedavi edilir.<\/p>\n\n\n\n<p>Akut a\u011fr\u0131y\u0131 dahil et:<\/p>\n\n\n\n<ul class=\"wp-block-list\">\n<li>Yang\u0131<\/li>\n\n\n\n<li>\u0130ntervertebral diske ba\u011fl\u0131 a\u011fr\u0131<\/li>\n\n\n\n<li>Sinirle \u0130lgili A\u011fr\u0131<\/li>\n\n\n\n<li>A\u015f\u0131r\u0131 y\u00fck sendromlar\u0131<\/li>\n\n\n\n<li>Stres sendromunda yanl\u0131\u015f veya azalma<\/li>\n<\/ul>\n\n\n\n<p>Kronik a\u011fr\u0131y\u0131 hafifletmek veya ortadan kald\u0131rmak i\u00e7in, sorunun nedenleri hakk\u0131nda daha yo\u011fun bir ara\u015ft\u0131rma gereklidir.&nbsp;Belirtilmemi\u015f<\/p>\n\n\n\n<p><\/p>\n\n\n\n<p><\/p>\n\n\n\n<p><\/p>\n\n\n\n<p><\/p>\n\n\n\n<div class=\"wp-block-columns is-layout-flex wp-container-core-columns-is-layout-28f84493 wp-block-columns-is-layout-flex\">\n<div class=\"wp-block-column is-layout-flow wp-block-column-is-layout-flow\"><\/div>\n<\/div>\n","protected":false},"excerpt":{"rendered":"<p>IKOMT konsepti Klinik Odakl\u0131 \u00e7ok boyutlu terapi Enstit\u00fcs\u00fc. Aktuell arbeitet Herr Kemali nicht mehr so aktiv als Physiotherapeut. Er betreut \u015eu anda \u00e7al\u0131\u015f\u0131yor Bay Kemali fizyoterapist kadar aktif&nbsp;de\u011fil.&nbsp;Terapistleri S\u00fcperviz\u00f6r olarak denetledi ve dersler verdi. Be learning Enstit\u00fcs\u00fc \u015fu anda sadece T\u00fcrkiye&#8217;de&nbsp;e\u011fitim&nbsp;vermektedir www.ikomt.com.tr destek Direkt\u00f6r\u00fc olarak daha da geli\u015ftirilmesi ve kalite y\u00f6netiminde yer ald\u0131. IKOMT konsepti [&hellip;]<\/p>\n","protected":false},"author":1,"featured_media":98,"parent":0,"menu_order":0,"comment_status":"closed","ping_status":"closed","template":"","meta":{"footnotes":""},"class_list":["post-191","page","type-page","status-publish","has-post-thumbnail","hentry"],"_links":{"self":[{"href":"https:\/\/ezdesirkemali.de\/index.php\/wp-json\/wp\/v2\/pages\/191","targetHints":{"allow":["GET"]}}],"collection":[{"href":"https:\/\/ezdesirkemali.de\/index.php\/wp-json\/wp\/v2\/pages"}],"about":[{"href":"https:\/\/ezdesirkemali.de\/index.php\/wp-json\/wp\/v2\/types\/page"}],"author":[{"embeddable":true,"href":"https:\/\/ezdesirkemali.de\/index.php\/wp-json\/wp\/v2\/users\/1"}],"replies":[{"embeddable":true,"href":"https:\/\/ezdesirkemali.de\/index.php\/wp-json\/wp\/v2\/comments?post=191"}],"version-history":[{"count":3,"href":"https:\/\/ezdesirkemali.de\/index.php\/wp-json\/wp\/v2\/pages\/191\/revisions"}],"predecessor-version":[{"id":238,"href":"https:\/\/ezdesirkemali.de\/index.php\/wp-json\/wp\/v2\/pages\/191\/revisions\/238"}],"wp:featuredmedia":[{"embeddable":true,"href":"https:\/\/ezdesirkemali.de\/index.php\/wp-json\/wp\/v2\/media\/98"}],"wp:attachment":[{"href":"https:\/\/ezdesirkemali.de\/index.php\/wp-json\/wp\/v2\/media?parent=191"}],"curies":[{"name":"wp","href":"https:\/\/api.w.org\/{rel}","templated":true}]}}