{"id":186,"date":"2025-09-09T14:54:24","date_gmt":"2025-09-09T11:54:24","guid":{"rendered":"https:\/\/ezdesirkemali.de\/?page_id=186"},"modified":"2025-09-13T10:15:22","modified_gmt":"2025-09-13T07:15:22","slug":"yazar","status":"publish","type":"page","link":"https:\/\/ezdesirkemali.de\/index.php\/tr\/yazar\/","title":{"rendered":"Yazar"},"content":{"rendered":"<nav class=\"has-background has-ti-bg-alt-background-color is-responsive items-justified-center alignwide wp-block-navigation is-content-justification-center is-layout-flex wp-container-core-navigation-is-layout-a89b3969 wp-block-navigation-is-layout-flex\" aria-label=\"\u00dcst bilgi gezinmesi\" \n\t\t data-wp-interactive=\"core\/navigation\" data-wp-context='{\"overlayOpenedBy\":{\"click\":false,\"hover\":false,\"focus\":false},\"type\":\"overlay\",\"roleAttribute\":\"\",\"ariaLabel\":\"Men\\u00fc\"}'><button aria-haspopup=\"dialog\" aria-label=\"Men\u00fcy\u00fc a\u00e7\" class=\"wp-block-navigation__responsive-container-open\" \n\t\t\t\tdata-wp-on--click=\"actions.openMenuOnClick\"\n\t\t\t\tdata-wp-on--keydown=\"actions.handleMenuKeydown\"\n\t\t\t><svg width=\"24\" height=\"24\" xmlns=\"http:\/\/www.w3.org\/2000\/svg\" viewBox=\"0 0 24 24\" aria-hidden=\"true\" focusable=\"false\"><path d=\"M4 7.5h16v1.5H4z\"><\/path><path d=\"M4 15h16v1.5H4z\"><\/path><\/svg><\/button>\n\t\t\t\t<div class=\"wp-block-navigation__responsive-container\"  id=\"modal-1\" \n\t\t\t\tdata-wp-class--has-modal-open=\"state.isMenuOpen\"\n\t\t\t\tdata-wp-class--is-menu-open=\"state.isMenuOpen\"\n\t\t\t\tdata-wp-watch=\"callbacks.initMenu\"\n\t\t\t\tdata-wp-on--keydown=\"actions.handleMenuKeydown\"\n\t\t\t\tdata-wp-on--focusout=\"actions.handleMenuFocusout\"\n\t\t\t\ttabindex=\"-1\"\n\t\t\t>\n\t\t\t\t\t<div class=\"wp-block-navigation__responsive-close\" tabindex=\"-1\">\n\t\t\t\t\t\t<div class=\"wp-block-navigation__responsive-dialog\" \n\t\t\t\tdata-wp-bind--aria-modal=\"state.ariaModal\"\n\t\t\t\tdata-wp-bind--aria-label=\"state.ariaLabel\"\n\t\t\t\tdata-wp-bind--role=\"state.roleAttribute\"\n\t\t\t>\n\t\t\t\t\t\t\t<button aria-label=\"Men\u00fcy\u00fc kapat\" class=\"wp-block-navigation__responsive-container-close\" \n\t\t\t\tdata-wp-on--click=\"actions.closeMenuOnClick\"\n\t\t\t><svg xmlns=\"http:\/\/www.w3.org\/2000\/svg\" viewBox=\"0 0 24 24\" width=\"24\" height=\"24\" aria-hidden=\"true\" focusable=\"false\"><path d=\"m13.06 12 6.47-6.47-1.06-1.06L12 10.94 5.53 4.47 4.47 5.53 10.94 12l-6.47 6.47 1.06 1.06L12 13.06l6.47 6.47 1.06-1.06L13.06 12Z\"><\/path><\/svg><\/button>\n\t\t\t\t\t\t\t<div class=\"wp-block-navigation__responsive-container-content\" \n\t\t\t\tdata-wp-watch=\"callbacks.focusFirstElement\"\n\t\t\t id=\"modal-1-content\">\n\t\t\t\t\t\t\t\t<ul class=\"wp-block-navigation__container has-background has-ti-bg-alt-background-color is-responsive items-justified-center alignwide wp-block-navigation\"><li class=\" wp-block-navigation-item wp-block-navigation-link\"><a class=\"wp-block-navigation-item__content\"  href=\"https:\/\/ezdesirkemali.de\/index.php\/saglik-yasam-kocu\/\"><span class=\"wp-block-navigation-item__label\">Sa\u011fl\u0131k ve Ya\u015fam Ko\u00e7u<\/span><\/a><\/li><li class=\" wp-block-navigation-item wp-block-navigation-link\"><a class=\"wp-block-navigation-item__content\"  href=\"https:\/\/ezdesirkemali.de\/index.php\/tr\/person\/\"><span class=\"wp-block-navigation-item__label\">Ki\u015fisel<\/span><\/a><\/li><li class=\" wp-block-navigation-item wp-block-navigation-link\"><a class=\"wp-block-navigation-item__content\"  href=\"https:\/\/ezdesirkemali.de\/index.php\/tr\/konusmaci\/\"><span class=\"wp-block-navigation-item__label\">Konu\u015fmac\u0131<\/span><\/a><\/li><li class=\" wp-block-navigation-item wp-block-navigation-link\"><a class=\"wp-block-navigation-item__content\"  href=\"https:\/\/ezdesirkemali.de\/index.php\/tr\/yazar\/\"><span class=\"wp-block-navigation-item__label\">Yazar<\/span><\/a><\/li><li class=\" wp-block-navigation-item wp-block-navigation-link\"><a class=\"wp-block-navigation-item__content\"  href=\"https:\/\/ezdesirkemali.de\/index.php\/tr\/ogretmen-terapist\/\"><span class=\"wp-block-navigation-item__label\">\u00d6gretmen \/ Terapist<\/span><\/a><\/li><li class=\" wp-block-navigation-item wp-block-navigation-link\"><a class=\"wp-block-navigation-item__content\"  href=\"https:\/\/ezdesirkemali.de\/index.php\/tr\/degerlendirmeler-2\/\"><span class=\"wp-block-navigation-item__label\">De\u011ferlendirmeler<\/span><\/a><\/li><\/ul>\n\t\t\t\t\t\t\t<\/div>\n\t\t\t\t\t\t<\/div>\n\t\t\t\t\t<\/div>\n\t\t\t\t<\/div><\/nav>\n\n\n<p class=\"has-text-align-center\">Ezdesir Kemali&#8221;y\u00fcrekli ac\u0131&#8221;<\/p>\n\n\n\n<p class=\"has-text-align-center\">Terapi sanat\u0131 tek bir tan\u0131ya odaklanmak de\u011fil, a\u011fr\u0131n\u0131n arkas\u0131ndaki Sistemi tan\u0131makt\u0131r<\/p>\n\n\n\n<div style=\"height:100px\" aria-hidden=\"true\" class=\"wp-block-spacer\"><\/div>\n\n\n\n<div class=\"wp-block-media-text alignfull has-media-on-the-right is-stacked-on-mobile is-vertically-aligned-center is-style-default\" style=\"padding-top:var(--wp--preset--spacing--20);padding-right:var(--wp--preset--spacing--40);padding-bottom:var(--wp--preset--spacing--20);padding-left:var(--wp--preset--spacing--40);grid-template-columns:auto 27%\"><div class=\"wp-block-media-text__content\">\n<p>10.000&#8217;den fazla a\u011fr\u0131 hastas\u0131yla yapt\u0131\u011f\u0131 uygulamadan, t\u0131p fak\u00fcltesini tamamlayan deneyimleri ve hastalar\u0131n kendi kendine iyile\u015fmesinin nas\u0131l yard\u0131mc\u0131 olabilece\u011fini canl\u0131 bir \u015fekilde bildirdi.&nbsp;<br>&#8220;Ac\u0131, kalbe yard\u0131mc\u0131 olur&#8221;, ac\u0131y\u0131 daha iyi anlamak ve a\u011fr\u0131y\u0131 dindirmenin yollar\u0131n\u0131 bulmak.<\/p>\n<\/div><figure class=\"wp-block-media-text__media\"><img fetchpriority=\"high\" decoding=\"async\" width=\"750\" height=\"653\" src=\"https:\/\/ezdesirkemali.de\/wp-content\/uploads\/2024\/02\/yazar.jpg\" alt=\"\" class=\"wp-image-89 size-full\"\/><\/figure><\/div>\n\n\n\n<div style=\"height:100px\" aria-hidden=\"true\" class=\"wp-block-spacer\"><\/div>\n\n\n\n<div class=\"wp-block-columns is-layout-flex wp-container-core-columns-is-layout-28f84493 wp-block-columns-is-layout-flex\">\n<div class=\"wp-block-column is-layout-flow wp-block-column-is-layout-flow\">\n<figure class=\"wp-block-image aligncenter size-full\"><a href=\"https:\/\/www.amazon.de\/Schmerz-mit-Herz-Lebensqualit\u00e4t-zur\u00fcckgewinnen-\"><img decoding=\"async\" width=\"284\" height=\"394\" src=\"https:\/\/ezdesirkemali.de\/wp-content\/uploads\/2024\/02\/kitap-de.png\" alt=\"\" class=\"wp-image-90\"\/><\/a><\/figure>\n<\/div>\n<\/div>\n\n\n\n<div class=\"wp-block-columns is-layout-flex wp-container-core-columns-is-layout-28f84493 wp-block-columns-is-layout-flex\">\n<div class=\"wp-block-column is-layout-flow wp-block-column-is-layout-flow\">\n<div class=\"wp-block-buttons is-content-justification-center is-layout-flex wp-container-core-buttons-is-layout-a89b3969 wp-block-buttons-is-layout-flex\">\n<div class=\"wp-block-button\"><a class=\"wp-block-button__link wp-element-button\" href=\"https:\/\/www.amazon.de\/Schmerz-mit-Herz-Lebensqualit\u00e4t-zur\u00fcckgewinnen-ebook\/dp\/B07XKNQ9RK\/ref=sr_1_1?__mk_de_DE=\u00c5M\u00c5\u017d\u00d5\u00d1&amp;crid=2KINILAK3KQHI&amp;keywords=ezdesir+kemali&amp;qid=1697364991&amp;s=digital-text&amp;sprefix=ezdesir+kemali%2Cdigital-text%2C81&amp;sr=1-1\">Sat\u0131n Al<\/a><\/div>\n<\/div>\n<\/div>\n<\/div>\n","protected":false},"excerpt":{"rendered":"<p>Ezdesir Kemali&#8221;y\u00fcrekli ac\u0131&#8221; Terapi sanat\u0131 tek bir tan\u0131ya odaklanmak de\u011fil, a\u011fr\u0131n\u0131n arkas\u0131ndaki Sistemi tan\u0131makt\u0131r 10.000&#8217;den fazla a\u011fr\u0131 hastas\u0131yla yapt\u0131\u011f\u0131 uygulamadan, t\u0131p fak\u00fcltesini tamamlayan deneyimleri ve hastalar\u0131n kendi kendine iyile\u015fmesinin nas\u0131l yard\u0131mc\u0131 olabilece\u011fini canl\u0131 bir \u015fekilde bildirdi.&nbsp;&#8220;Ac\u0131, kalbe yard\u0131mc\u0131 olur&#8221;, ac\u0131y\u0131 daha iyi anlamak ve a\u011fr\u0131y\u0131 dindirmenin yollar\u0131n\u0131 bulmak.<\/p>\n","protected":false},"author":1,"featured_media":0,"parent":0,"menu_order":0,"comment_status":"closed","ping_status":"closed","template":"","meta":{"footnotes":""},"class_list":["post-186","page","type-page","status-publish","hentry"],"_links":{"self":[{"href":"https:\/\/ezdesirkemali.de\/index.php\/wp-json\/wp\/v2\/pages\/186","targetHints":{"allow":["GET"]}}],"collection":[{"href":"https:\/\/ezdesirkemali.de\/index.php\/wp-json\/wp\/v2\/pages"}],"about":[{"href":"https:\/\/ezdesirkemali.de\/index.php\/wp-json\/wp\/v2\/types\/page"}],"author":[{"embeddable":true,"href":"https:\/\/ezdesirkemali.de\/index.php\/wp-json\/wp\/v2\/users\/1"}],"replies":[{"embeddable":true,"href":"https:\/\/ezdesirkemali.de\/index.php\/wp-json\/wp\/v2\/comments?post=186"}],"version-history":[{"count":3,"href":"https:\/\/ezdesirkemali.de\/index.php\/wp-json\/wp\/v2\/pages\/186\/revisions"}],"predecessor-version":[{"id":237,"href":"https:\/\/ezdesirkemali.de\/index.php\/wp-json\/wp\/v2\/pages\/186\/revisions\/237"}],"wp:attachment":[{"href":"https:\/\/ezdesirkemali.de\/index.php\/wp-json\/wp\/v2\/media?parent=186"}],"curies":[{"name":"wp","href":"https:\/\/api.w.org\/{rel}","templated":true}]}}