{"id":151,"date":"2024-02-08T10:18:23","date_gmt":"2024-02-08T07:18:23","guid":{"rendered":"https:\/\/ezdesirkemali.de\/?page_id=151"},"modified":"2025-09-08T11:41:23","modified_gmt":"2025-09-08T08:41:23","slug":"blog","status":"publish","type":"page","link":"https:\/\/ezdesirkemali.de\/index.php\/blog\/","title":{"rendered":"BLOG"},"content":{"rendered":"<ul class=\"wp-block-latest-posts__list wp-block-latest-posts\"><li><a class=\"wp-block-latest-posts__post-title\" href=\"https:\/\/ezdesirkemali.de\/index.php\/tr\/2025\/09\/12\/saglik-yasam-kocu\/\">Sa\u011fl\u0131k  &amp; Ya\u015fam Ko\u00e7u<\/a><div class=\"wp-block-latest-posts__post-excerpt\"><p>&#8221;\u0130nsanlar\u0131n mutlulu\u011funu belirleyen ko\u015fullar de\u011fil, ko\u015fullarla ba\u015fa \u00e7\u0131kma yetene\u011fidir.&#8220;- Aaron Antonovski \u0130nsanlar\u0131 bana y\u00f6nlendiren nedir? Bunlar ana noktalar. \u0130nsanlar\u0131 bana y\u00f6nlendiren sorular nedir? Erken tan\u0131d\u0131\u011f\u0131m insanlarla \u00e7al\u0131\u015ft\u0131\u011f\u0131m uzun y\u0131llar boyunca, zihinsel, duygusal ve sosyal gerginliklerle u\u011fra\u015fmak, sorunlar\u0131n alg\u0131lanmas\u0131nda ve \u00e7\u00f6z\u00fclmesinde \u00f6nemli bir rol oynamaktad\u0131r. bir terapist ve ko\u00e7 olarak g\u00f6revimi desteklemek i\u00e7in var, sorunlar\u0131n tan\u0131mlanmas\u0131nda [&hellip;]<\/p>\n<\/div><\/li>\n<\/ul>","protected":false},"excerpt":{"rendered":"","protected":false},"author":1,"featured_media":0,"parent":0,"menu_order":0,"comment_status":"closed","ping_status":"closed","template":"","meta":{"footnotes":""},"class_list":["post-151","page","type-page","status-publish","hentry"],"_links":{"self":[{"href":"https:\/\/ezdesirkemali.de\/index.php\/wp-json\/wp\/v2\/pages\/151","targetHints":{"allow":["GET"]}}],"collection":[{"href":"https:\/\/ezdesirkemali.de\/index.php\/wp-json\/wp\/v2\/pages"}],"about":[{"href":"https:\/\/ezdesirkemali.de\/index.php\/wp-json\/wp\/v2\/types\/page"}],"author":[{"embeddable":true,"href":"https:\/\/ezdesirkemali.de\/index.php\/wp-json\/wp\/v2\/users\/1"}],"replies":[{"embeddable":true,"href":"https:\/\/ezdesirkemali.de\/index.php\/wp-json\/wp\/v2\/comments?post=151"}],"version-history":[{"count":1,"href":"https:\/\/ezdesirkemali.de\/index.php\/wp-json\/wp\/v2\/pages\/151\/revisions"}],"predecessor-version":[{"id":153,"href":"https:\/\/ezdesirkemali.de\/index.php\/wp-json\/wp\/v2\/pages\/151\/revisions\/153"}],"wp:attachment":[{"href":"https:\/\/ezdesirkemali.de\/index.php\/wp-json\/wp\/v2\/media?parent=151"}],"curies":[{"name":"wp","href":"https:\/\/api.w.org\/{rel}","templated":true}]}}